{"id":3509,"date":"2025-04-03T09:38:02","date_gmt":"2025-04-03T07:38:02","guid":{"rendered":"https:\/\/melinedebost.fr\/?page_id=3509"},"modified":"2026-02-17T14:45:54","modified_gmt":"2026-02-17T13:45:54","slug":"elementor-3509","status":"publish","type":"page","link":"https:\/\/melinedebost.fr\/?page_id=3509","title":{"rendered":"\u00c0 Fleurs de Pieds"},"content":{"rendered":"\t\t<div data-elementor-type=\"wp-page\" data-elementor-id=\"3509\" class=\"elementor elementor-3509\">\n\t\t\t\t\t\t<section class=\"elementor-section elementor-top-section elementor-element elementor-element-8e336e0 elementor-section-boxed elementor-section-height-default elementor-section-height-default wpr-particle-no wpr-jarallax-no wpr-parallax-no wpr-sticky-section-no\" data-id=\"8e336e0\" data-element_type=\"section\" data-e-type=\"section\">\n\t\t\t\t\t\t<div class=\"elementor-container elementor-column-gap-default\">\n\t\t\t\t\t<div class=\"elementor-column elementor-col-100 elementor-top-column elementor-element elementor-element-8e5086d\" data-id=\"8e5086d\" data-element_type=\"column\" data-e-type=\"column\">\n\t\t\t<div class=\"elementor-widget-wrap elementor-element-populated\">\n\t\t\t\t\t\t<div class=\"elementor-element elementor-element-fb87871 elementor-widget elementor-widget-heading\" data-id=\"fb87871\" data-element_type=\"widget\" data-e-type=\"widget\" data-widget_type=\"heading.default\">\n\t\t\t\t<div class=\"elementor-widget-container\">\n\t\t\t\t\t<h2 class=\"elementor-heading-title elementor-size-default\">Anne (\u00c0 Fleurs de Pieds)<\/h2>\t\t\t\t<\/div>\n\t\t\t\t<\/div>\n\t\t\t\t\t<\/div>\n\t\t<\/div>\n\t\t\t\t\t<\/div>\n\t\t<\/section>\n\t\t\t\t<section class=\"elementor-section elementor-top-section elementor-element elementor-element-da8e24c elementor-section-boxed elementor-section-height-default elementor-section-height-default wpr-particle-no wpr-jarallax-no wpr-parallax-no wpr-sticky-section-no\" data-id=\"da8e24c\" data-element_type=\"section\" data-e-type=\"section\">\n\t\t\t\t\t\t<div class=\"elementor-container elementor-column-gap-default\">\n\t\t\t\t\t<div class=\"elementor-column elementor-col-100 elementor-top-column elementor-element elementor-element-ceefcd6\" data-id=\"ceefcd6\" data-element_type=\"column\" data-e-type=\"column\">\n\t\t\t<div class=\"elementor-widget-wrap elementor-element-populated\">\n\t\t\t\t\t\t<div class=\"elementor-element elementor-element-9c76368 elementor-widget elementor-widget-text-editor\" data-id=\"9c76368\" data-element_type=\"widget\" data-e-type=\"widget\" data-widget_type=\"text-editor.default\">\n\t\t\t\t<div class=\"elementor-widget-container\">\n\t\t\t\t\t\t\t\t\t<p>Anne est <strong>r\u00e9flexologue<\/strong> depuis 14 ans ! Elle propose notamment des s\u00e9ances de <strong>r\u00e9flexologie plantaire<\/strong>, d&rsquo;<strong>Access Bars\u00a0<\/strong>et de<strong> massages m\u00e9tamorphiques<\/strong>.<\/p><p>Passionn\u00e9e par le corps humain, elle se documente chaque jour pour offrir \u00e0 ses clients un accompagnement des plus complets.<\/p>\t\t\t\t\t\t\t\t<\/div>\n\t\t\t\t<\/div>\n\t\t\t\t\t<\/div>\n\t\t<\/div>\n\t\t\t\t\t<\/div>\n\t\t<\/section>\n\t\t\t\t<section class=\"elementor-section elementor-top-section elementor-element elementor-element-6e8330f elementor-section-boxed elementor-section-height-default elementor-section-height-default wpr-particle-no wpr-jarallax-no wpr-parallax-no wpr-sticky-section-no\" data-id=\"6e8330f\" data-element_type=\"section\" data-e-type=\"section\">\n\t\t\t\t\t\t<div class=\"elementor-container elementor-column-gap-default\">\n\t\t\t\t\t<div class=\"elementor-column elementor-col-100 elementor-top-column elementor-element elementor-element-a56e867\" data-id=\"a56e867\" data-element_type=\"column\" data-e-type=\"column\">\n\t\t\t<div class=\"elementor-widget-wrap elementor-element-populated\">\n\t\t\t\t\t\t<div class=\"elementor-element elementor-element-a57d63b elementor-widget elementor-widget-image\" data-id=\"a57d63b\" data-element_type=\"widget\" data-e-type=\"widget\" data-widget_type=\"image.default\">\n\t\t\t\t<div class=\"elementor-widget-container\">\n\t\t\t\t\t\t\t\t\t\t\t\t\t\t\t<img fetchpriority=\"high\" decoding=\"async\" width=\"4500\" height=\"3000\" src=\"https:\/\/melinedebost.fr\/wp-content\/uploads\/2025\/04\/Sans-titre-3000-x-1000-px-3000-x-1200-px-3000-x-1500-px-3000-x-2000-px-7.png\" class=\"attachment-full size-full wp-image-3515\" alt=\"\" srcset=\"https:\/\/melinedebost.fr\/wp-content\/uploads\/2025\/04\/Sans-titre-3000-x-1000-px-3000-x-1200-px-3000-x-1500-px-3000-x-2000-px-7.png 4500w, https:\/\/melinedebost.fr\/wp-content\/uploads\/2025\/04\/Sans-titre-3000-x-1000-px-3000-x-1200-px-3000-x-1500-px-3000-x-2000-px-7-300x200.png 300w, https:\/\/melinedebost.fr\/wp-content\/uploads\/2025\/04\/Sans-titre-3000-x-1000-px-3000-x-1200-px-3000-x-1500-px-3000-x-2000-px-7-1024x683.png 1024w, https:\/\/melinedebost.fr\/wp-content\/uploads\/2025\/04\/Sans-titre-3000-x-1000-px-3000-x-1200-px-3000-x-1500-px-3000-x-2000-px-7-768x512.png 768w, https:\/\/melinedebost.fr\/wp-content\/uploads\/2025\/04\/Sans-titre-3000-x-1000-px-3000-x-1200-px-3000-x-1500-px-3000-x-2000-px-7-1536x1024.png 1536w, https:\/\/melinedebost.fr\/wp-content\/uploads\/2025\/04\/Sans-titre-3000-x-1000-px-3000-x-1200-px-3000-x-1500-px-3000-x-2000-px-7-2048x1365.png 2048w\" sizes=\"(max-width: 4500px) 100vw, 4500px\" \/>\t\t\t\t\t\t\t\t\t\t\t\t\t\t\t<\/div>\n\t\t\t\t<\/div>\n\t\t\t\t\t<\/div>\n\t\t<\/div>\n\t\t\t\t\t<\/div>\n\t\t<\/section>\n\t\t\t\t<section class=\"elementor-section elementor-top-section elementor-element elementor-element-1baf4b0 elementor-section-boxed elementor-section-height-default elementor-section-height-default wpr-particle-no wpr-jarallax-no wpr-parallax-no wpr-sticky-section-no\" data-id=\"1baf4b0\" data-element_type=\"section\" data-e-type=\"section\">\n\t\t\t\t\t\t<div class=\"elementor-container elementor-column-gap-default\">\n\t\t\t\t\t<div class=\"elementor-column elementor-col-100 elementor-top-column elementor-element elementor-element-193fa59\" data-id=\"193fa59\" data-element_type=\"column\" data-e-type=\"column\">\n\t\t\t<div class=\"elementor-widget-wrap elementor-element-populated\">\n\t\t\t\t\t\t<div class=\"elementor-element elementor-element-7828aa4 elementor-widget elementor-widget-text-editor\" data-id=\"7828aa4\" data-element_type=\"widget\" data-e-type=\"widget\" data-widget_type=\"text-editor.default\">\n\t\t\t\t<div class=\"elementor-widget-container\">\n\t\t\t\t\t\t\t\t\t<p>\u00a0\u00bb\u00a0<em>\u00catre attentive \u00e0 vos mots pour apaiser vos maux\u00a0<\/em>\u00ab\u00a0<\/p>\t\t\t\t\t\t\t\t<\/div>\n\t\t\t\t<\/div>\n\t\t\t\t\t<\/div>\n\t\t<\/div>\n\t\t\t\t\t<\/div>\n\t\t<\/section>\n\t\t\t\t<section class=\"elementor-section elementor-top-section elementor-element elementor-element-2948c8c elementor-section-boxed elementor-section-height-default elementor-section-height-default wpr-particle-no wpr-jarallax-no wpr-parallax-no wpr-sticky-section-no\" data-id=\"2948c8c\" data-element_type=\"section\" data-e-type=\"section\">\n\t\t\t\t\t\t<div class=\"elementor-container elementor-column-gap-default\">\n\t\t\t\t\t<div class=\"elementor-column elementor-col-100 elementor-top-column elementor-element elementor-element-a65e521\" data-id=\"a65e521\" data-element_type=\"column\" data-e-type=\"column\">\n\t\t\t<div class=\"elementor-widget-wrap elementor-element-populated\">\n\t\t\t\t\t\t<div class=\"elementor-element elementor-element-97d96ad elementor-widget elementor-widget-image\" data-id=\"97d96ad\" data-element_type=\"widget\" data-e-type=\"widget\" data-widget_type=\"image.default\">\n\t\t\t\t<div class=\"elementor-widget-container\">\n\t\t\t\t\t\t\t\t\t\t\t\t\t\t\t<img decoding=\"async\" width=\"4500\" height=\"3000\" src=\"https:\/\/melinedebost.fr\/wp-content\/uploads\/2025\/04\/Sans-titre-3000-x-1000-px-3000-x-1200-px-3000-x-1500-px-3000-x-2000-px-9.png\" class=\"attachment-full size-full wp-image-3521\" alt=\"\" srcset=\"https:\/\/melinedebost.fr\/wp-content\/uploads\/2025\/04\/Sans-titre-3000-x-1000-px-3000-x-1200-px-3000-x-1500-px-3000-x-2000-px-9.png 4500w, https:\/\/melinedebost.fr\/wp-content\/uploads\/2025\/04\/Sans-titre-3000-x-1000-px-3000-x-1200-px-3000-x-1500-px-3000-x-2000-px-9-300x200.png 300w, https:\/\/melinedebost.fr\/wp-content\/uploads\/2025\/04\/Sans-titre-3000-x-1000-px-3000-x-1200-px-3000-x-1500-px-3000-x-2000-px-9-1024x683.png 1024w, https:\/\/melinedebost.fr\/wp-content\/uploads\/2025\/04\/Sans-titre-3000-x-1000-px-3000-x-1200-px-3000-x-1500-px-3000-x-2000-px-9-768x512.png 768w, https:\/\/melinedebost.fr\/wp-content\/uploads\/2025\/04\/Sans-titre-3000-x-1000-px-3000-x-1200-px-3000-x-1500-px-3000-x-2000-px-9-1536x1024.png 1536w, https:\/\/melinedebost.fr\/wp-content\/uploads\/2025\/04\/Sans-titre-3000-x-1000-px-3000-x-1200-px-3000-x-1500-px-3000-x-2000-px-9-2048x1365.png 2048w\" sizes=\"(max-width: 4500px) 100vw, 4500px\" \/>\t\t\t\t\t\t\t\t\t\t\t\t\t\t\t<\/div>\n\t\t\t\t<\/div>\n\t\t\t\t\t<\/div>\n\t\t<\/div>\n\t\t\t\t\t<\/div>\n\t\t<\/section>\n\t\t\t\t<section class=\"elementor-section elementor-top-section elementor-element elementor-element-61667e2 elementor-section-boxed elementor-section-height-default elementor-section-height-default wpr-particle-no wpr-jarallax-no wpr-parallax-no wpr-sticky-section-no\" data-id=\"61667e2\" data-element_type=\"section\" data-e-type=\"section\">\n\t\t\t\t\t\t<div class=\"elementor-container elementor-column-gap-default\">\n\t\t\t\t\t<div class=\"elementor-column elementor-col-100 elementor-top-column elementor-element elementor-element-5a00853\" data-id=\"5a00853\" data-element_type=\"column\" data-e-type=\"column\">\n\t\t\t<div class=\"elementor-widget-wrap elementor-element-populated\">\n\t\t\t\t\t\t<div class=\"elementor-element elementor-element-acfc095 elementor-widget elementor-widget-text-editor\" data-id=\"acfc095\" data-element_type=\"widget\" data-e-type=\"widget\" data-widget_type=\"text-editor.default\">\n\t\t\t\t<div class=\"elementor-widget-container\">\n\t\t\t\t\t\t\t\t\t<p>Anne vous re\u00e7oit dans un <strong>petit cocon<\/strong> tr\u00e8s chaleureux ! Gr\u00e2ce \u00e0 ses <strong>connaissances<\/strong>, son <strong>\u00e9coute attentive<\/strong> et sa <strong>bienveillance<\/strong>, elle saura vous proposer la\/les s\u00e9ance(s) dont vous avez besoin.<\/p><p>Vous n&rsquo;avez plus qu&rsquo;\u00e0 vous d\u00e9tendre et profiter du moment \ud83d\ude42<\/p>\t\t\t\t\t\t\t\t<\/div>\n\t\t\t\t<\/div>\n\t\t\t\t\t<\/div>\n\t\t<\/div>\n\t\t\t\t\t<\/div>\n\t\t<\/section>\n\t\t\t\t<section class=\"elementor-section elementor-top-section elementor-element elementor-element-bf23e27 elementor-section-boxed elementor-section-height-default elementor-section-height-default wpr-particle-no wpr-jarallax-no wpr-parallax-no wpr-sticky-section-no\" data-id=\"bf23e27\" data-element_type=\"section\" data-e-type=\"section\">\n\t\t\t\t\t\t<div class=\"elementor-container elementor-column-gap-default\">\n\t\t\t\t\t<div class=\"elementor-column elementor-col-100 elementor-top-column elementor-element elementor-element-65f49a3\" data-id=\"65f49a3\" data-element_type=\"column\" data-e-type=\"column\">\n\t\t\t<div class=\"elementor-widget-wrap elementor-element-populated\">\n\t\t\t\t\t\t<div class=\"elementor-element elementor-element-a407503 elementor-widget elementor-widget-image\" data-id=\"a407503\" data-element_type=\"widget\" data-e-type=\"widget\" data-widget_type=\"image.default\">\n\t\t\t\t<div class=\"elementor-widget-container\">\n\t\t\t\t\t\t\t\t\t\t\t\t\t\t\t<img decoding=\"async\" width=\"4500\" height=\"3000\" src=\"https:\/\/melinedebost.fr\/wp-content\/uploads\/2025\/04\/Sans-titre-3000-x-1000-px-3000-x-1200-px-3000-x-1500-px-3000-x-2000-px-8.png\" class=\"attachment-full size-full wp-image-3519\" alt=\"\" srcset=\"https:\/\/melinedebost.fr\/wp-content\/uploads\/2025\/04\/Sans-titre-3000-x-1000-px-3000-x-1200-px-3000-x-1500-px-3000-x-2000-px-8.png 4500w, https:\/\/melinedebost.fr\/wp-content\/uploads\/2025\/04\/Sans-titre-3000-x-1000-px-3000-x-1200-px-3000-x-1500-px-3000-x-2000-px-8-300x200.png 300w, https:\/\/melinedebost.fr\/wp-content\/uploads\/2025\/04\/Sans-titre-3000-x-1000-px-3000-x-1200-px-3000-x-1500-px-3000-x-2000-px-8-1024x683.png 1024w, https:\/\/melinedebost.fr\/wp-content\/uploads\/2025\/04\/Sans-titre-3000-x-1000-px-3000-x-1200-px-3000-x-1500-px-3000-x-2000-px-8-768x512.png 768w, https:\/\/melinedebost.fr\/wp-content\/uploads\/2025\/04\/Sans-titre-3000-x-1000-px-3000-x-1200-px-3000-x-1500-px-3000-x-2000-px-8-1536x1024.png 1536w, https:\/\/melinedebost.fr\/wp-content\/uploads\/2025\/04\/Sans-titre-3000-x-1000-px-3000-x-1200-px-3000-x-1500-px-3000-x-2000-px-8-2048x1365.png 2048w\" sizes=\"(max-width: 4500px) 100vw, 4500px\" \/>\t\t\t\t\t\t\t\t\t\t\t\t\t\t\t<\/div>\n\t\t\t\t<\/div>\n\t\t\t\t\t<\/div>\n\t\t<\/div>\n\t\t\t\t\t<\/div>\n\t\t<\/section>\n\t\t\t\t<section class=\"elementor-section elementor-top-section elementor-element elementor-element-6b18004 elementor-section-boxed elementor-section-height-default elementor-section-height-default wpr-particle-no wpr-jarallax-no wpr-parallax-no wpr-sticky-section-no\" data-id=\"6b18004\" data-element_type=\"section\" data-e-type=\"section\">\n\t\t\t\t\t\t<div class=\"elementor-container elementor-column-gap-default\">\n\t\t\t\t\t<div class=\"elementor-column elementor-col-100 elementor-top-column elementor-element elementor-element-365bcbb\" data-id=\"365bcbb\" data-element_type=\"column\" data-e-type=\"column\">\n\t\t\t<div class=\"elementor-widget-wrap elementor-element-populated\">\n\t\t\t\t\t\t<div class=\"elementor-element elementor-element-e5c8b5d elementor-widget elementor-widget-text-editor\" data-id=\"e5c8b5d\" data-element_type=\"widget\" data-e-type=\"widget\" data-widget_type=\"text-editor.default\">\n\t\t\t\t<div class=\"elementor-widget-container\">\n\t\t\t\t\t\t\t\t\t<p>Retrouvez-la juste ici !<\/p>\t\t\t\t\t\t\t\t<\/div>\n\t\t\t\t<\/div>\n\t\t\t\t<div class=\"elementor-element elementor-element-d73c1db elementor-shape-rounded elementor-grid-0 e-grid-align-center elementor-widget elementor-widget-social-icons\" data-id=\"d73c1db\" data-element_type=\"widget\" data-e-type=\"widget\" data-widget_type=\"social-icons.default\">\n\t\t\t\t<div class=\"elementor-widget-container\">\n\t\t\t\t\t\t\t<div class=\"elementor-social-icons-wrapper elementor-grid\" role=\"list\">\n\t\t\t\t\t\t\t<span class=\"elementor-grid-item\" role=\"listitem\">\n\t\t\t\t\t<a class=\"elementor-icon elementor-social-icon elementor-social-icon-facebook elementor-repeater-item-478bef6\" href=\"https:\/\/www.facebook.com\/profile.php?id=61551939729082&#038;locale=fr_FR\" target=\"_blank\">\n\t\t\t\t\t\t<span class=\"elementor-screen-only\">Facebook<\/span>\n\t\t\t\t\t\t<i aria-hidden=\"true\" class=\"fab fa-facebook\"><\/i>\t\t\t\t\t<\/a>\n\t\t\t\t<\/span>\n\t\t\t\t\t\t\t<span class=\"elementor-grid-item\" role=\"listitem\">\n\t\t\t\t\t<a class=\"elementor-icon elementor-social-icon elementor-social-icon-wordpress elementor-repeater-item-dc83d66\" href=\"https:\/\/afleurdepieds.fr\" target=\"_blank\">\n\t\t\t\t\t\t<span class=\"elementor-screen-only\">WordPress<\/span>\n\t\t\t\t\t\t<i aria-hidden=\"true\" class=\"fab fa-wordpress\"><\/i>\t\t\t\t\t<\/a>\n\t\t\t\t<\/span>\n\t\t\t\t\t<\/div>\n\t\t\t\t\t\t<\/div>\n\t\t\t\t<\/div>\n\t\t\t\t\t<\/div>\n\t\t<\/div>\n\t\t\t\t\t<\/div>\n\t\t<\/section>\n\t\t\t\t<section class=\"elementor-section elementor-top-section elementor-element elementor-element-36bc221 elementor-section-boxed elementor-section-height-default elementor-section-height-default wpr-particle-no wpr-jarallax-no wpr-parallax-no wpr-sticky-section-no\" data-id=\"36bc221\" data-element_type=\"section\" data-e-type=\"section\">\n\t\t\t\t\t\t<div class=\"elementor-container elementor-column-gap-default\">\n\t\t\t\t\t<div class=\"elementor-column elementor-col-100 elementor-top-column elementor-element elementor-element-757c04a\" data-id=\"757c04a\" data-element_type=\"column\" data-e-type=\"column\">\n\t\t\t<div class=\"elementor-widget-wrap elementor-element-populated\">\n\t\t\t\t\t\t<div class=\"elementor-element elementor-element-928e03d elementor-widget elementor-widget-spacer\" data-id=\"928e03d\" data-element_type=\"widget\" data-e-type=\"widget\" data-widget_type=\"spacer.default\">\n\t\t\t\t<div class=\"elementor-widget-container\">\n\t\t\t\t\t\t\t<div class=\"elementor-spacer\">\n\t\t\t<div class=\"elementor-spacer-inner\"><\/div>\n\t\t<\/div>\n\t\t\t\t\t\t<\/div>\n\t\t\t\t<\/div>\n\t\t\t\t\t<\/div>\n\t\t<\/div>\n\t\t\t\t\t<\/div>\n\t\t<\/section>\n\t\t\t\t<\/div>\n\t\t","protected":false},"excerpt":{"rendered":"<p>Anne (\u00c0 Fleurs de Pieds) Anne est r\u00e9flexologue depuis 14 ans ! Elle propose notamment des s\u00e9ances de r\u00e9flexologie plantaire, d&rsquo;Access Bars\u00a0et de massages m\u00e9tamorphiques. Passionn\u00e9e par le corps humain, elle se documente chaque jour pour offrir \u00e0 ses clients un accompagnement des plus complets. \u00a0\u00bb\u00a0\u00catre attentive \u00e0 vos mots pour apaiser vos maux\u00a0\u00ab\u00a0 Anne vous re\u00e7oit dans un petit cocon tr\u00e8s chaleureux ! Gr\u00e2ce \u00e0 ses connaissances, son \u00e9coute attentive et sa bienveillance, elle saura vous proposer la\/les s\u00e9ance(s) dont vous avez besoin. Vous n&rsquo;avez plus qu&rsquo;\u00e0 vous d\u00e9tendre et profiter du moment \ud83d\ude42 Retrouvez-la juste ici ! Facebook Wordpress<\/p>\n","protected":false},"author":1,"featured_media":0,"parent":0,"menu_order":0,"comment_status":"closed","ping_status":"closed","template":"","meta":{"_eb_attr":"","site-sidebar-layout":"no-sidebar","site-content-layout":"page-builder","ast-site-content-layout":"full-width-container","site-content-style":"default","site-sidebar-style":"default","ast-global-header-display":"","ast-banner-title-visibility":"","ast-main-header-display":"","ast-hfb-above-header-display":"","ast-hfb-below-header-display":"","ast-hfb-mobile-header-display":"","site-post-title":"disabled","ast-breadcrumbs-content":"","ast-featured-img":"disabled","footer-sml-layout":"","ast-disable-related-posts":"","theme-transparent-header-meta":"","adv-header-id-meta":"","stick-header-meta":"","header-above-stick-meta":"","header-main-stick-meta":"","header-below-stick-meta":"","astra-migrate-meta-layouts":"set","ast-page-background-enabled":"default","ast-page-background-meta":{"desktop":{"background-color":"","background-image":"","background-repeat":"repeat","background-position":"center center","background-size":"auto","background-attachment":"scroll","background-type":"","background-media":"","overlay-type":"","overlay-color":"","overlay-opacity":"","overlay-gradient":""},"tablet":{"background-color":"","background-image":"","background-repeat":"repeat","background-position":"center center","background-size":"auto","background-attachment":"scroll","background-type":"","background-media":"","overlay-type":"","overlay-color":"","overlay-opacity":"","overlay-gradient":""},"mobile":{"background-color":"","background-image":"","background-repeat":"repeat","background-position":"center center","background-size":"auto","background-attachment":"scroll","background-type":"","background-media":"","overlay-type":"","overlay-color":"","overlay-opacity":"","overlay-gradient":""}},"ast-content-background-meta":{"desktop":{"background-color":"var(--ast-global-color-5)","background-image":"","background-repeat":"repeat","background-position":"center center","background-size":"auto","background-attachment":"scroll","background-type":"","background-media":"","overlay-type":"","overlay-color":"","overlay-opacity":"","overlay-gradient":""},"tablet":{"background-color":"var(--ast-global-color-5)","background-image":"","background-repeat":"repeat","background-position":"center center","background-size":"auto","background-attachment":"scroll","background-type":"","background-media":"","overlay-type":"","overlay-color":"","overlay-opacity":"","overlay-gradient":""},"mobile":{"background-color":"var(--ast-global-color-5)","background-image":"","background-repeat":"repeat","background-position":"center center","background-size":"auto","background-attachment":"scroll","background-type":"","background-media":"","overlay-type":"","overlay-color":"","overlay-opacity":"","overlay-gradient":""}},"footnotes":""},"class_list":["post-3509","page","type-page","status-publish","hentry"],"aioseo_notices":[],"_links":{"self":[{"href":"https:\/\/melinedebost.fr\/index.php?rest_route=\/wp\/v2\/pages\/3509","targetHints":{"allow":["GET"]}}],"collection":[{"href":"https:\/\/melinedebost.fr\/index.php?rest_route=\/wp\/v2\/pages"}],"about":[{"href":"https:\/\/melinedebost.fr\/index.php?rest_route=\/wp\/v2\/types\/page"}],"author":[{"embeddable":true,"href":"https:\/\/melinedebost.fr\/index.php?rest_route=\/wp\/v2\/users\/1"}],"replies":[{"embeddable":true,"href":"https:\/\/melinedebost.fr\/index.php?rest_route=%2Fwp%2Fv2%2Fcomments&post=3509"}],"version-history":[{"count":23,"href":"https:\/\/melinedebost.fr\/index.php?rest_route=\/wp\/v2\/pages\/3509\/revisions"}],"predecessor-version":[{"id":4546,"href":"https:\/\/melinedebost.fr\/index.php?rest_route=\/wp\/v2\/pages\/3509\/revisions\/4546"}],"wp:attachment":[{"href":"https:\/\/melinedebost.fr\/index.php?rest_route=%2Fwp%2Fv2%2Fmedia&parent=3509"}],"curies":[{"name":"wp","href":"https:\/\/api.w.org\/{rel}","templated":true}]}}