{"id":3459,"date":"2025-03-26T18:37:31","date_gmt":"2025-03-26T17:37:31","guid":{"rendered":"https:\/\/melinedebost.fr\/?page_id=3459"},"modified":"2026-02-17T14:45:00","modified_gmt":"2026-02-17T13:45:00","slug":"anne","status":"publish","type":"page","link":"https:\/\/melinedebost.fr\/?page_id=3459","title":{"rendered":"Anne."},"content":{"rendered":"\t\t<div data-elementor-type=\"wp-page\" data-elementor-id=\"3459\" class=\"elementor elementor-3459\">\n\t\t\t\t\t\t<section class=\"elementor-section elementor-top-section elementor-element elementor-element-57993d3 elementor-section-boxed elementor-section-height-default elementor-section-height-default wpr-particle-no wpr-jarallax-no wpr-parallax-no wpr-sticky-section-no\" data-id=\"57993d3\" data-element_type=\"section\" data-e-type=\"section\">\n\t\t\t\t\t\t<div class=\"elementor-container elementor-column-gap-default\">\n\t\t\t\t\t<div class=\"elementor-column elementor-col-100 elementor-top-column elementor-element elementor-element-16a88ee\" data-id=\"16a88ee\" data-element_type=\"column\" data-e-type=\"column\">\n\t\t\t<div class=\"elementor-widget-wrap elementor-element-populated\">\n\t\t\t\t\t\t<div class=\"elementor-element elementor-element-9db98fd elementor-widget elementor-widget-heading\" data-id=\"9db98fd\" data-element_type=\"widget\" data-e-type=\"widget\" data-widget_type=\"heading.default\">\n\t\t\t\t<div class=\"elementor-widget-container\">\n\t\t\t\t\t<h2 class=\"elementor-heading-title elementor-size-default\">Anne (AP Sellerie)<\/h2>\t\t\t\t<\/div>\n\t\t\t\t<\/div>\n\t\t\t\t\t<\/div>\n\t\t<\/div>\n\t\t\t\t\t<\/div>\n\t\t<\/section>\n\t\t\t\t<section class=\"elementor-section elementor-top-section elementor-element elementor-element-f54b005 elementor-section-boxed elementor-section-height-default elementor-section-height-default wpr-particle-no wpr-jarallax-no wpr-parallax-no wpr-sticky-section-no\" data-id=\"f54b005\" data-element_type=\"section\" data-e-type=\"section\">\n\t\t\t\t\t\t<div class=\"elementor-container elementor-column-gap-default\">\n\t\t\t\t\t<div class=\"elementor-column elementor-col-100 elementor-top-column elementor-element elementor-element-676d411\" data-id=\"676d411\" data-element_type=\"column\" data-e-type=\"column\">\n\t\t\t<div class=\"elementor-widget-wrap elementor-element-populated\">\n\t\t\t\t\t\t<div class=\"elementor-element elementor-element-5d1f7bf elementor-widget elementor-widget-text-editor\" data-id=\"5d1f7bf\" data-element_type=\"widget\" data-e-type=\"widget\" data-widget_type=\"text-editor.default\">\n\t\t\t\t<div class=\"elementor-widget-container\">\n\t\t\t\t\t\t\t\t\t<p>Du c\u00f4t\u00e9 de Gen\u00e8ve, Anne r\u00e9alise depuis maintenant 25 ans des travaux artisanaux de <b>sellerie<\/b> et <b>garnissage<\/b> dans diff\u00e9rents domaines (nautisme, a\u00e9ronautique, habitat&#8230;). Sa mission principale : <b>donner une seconde<\/b> vie \u00e0 vos fauteuils, vos selleries de bateau, d&rsquo;h\u00e9licopt\u00e8re, en vous apportant un maximum de <b>confort<\/b>.&nbsp;<span style=\"font-style: inherit; color: var(--ast-global-color-3);\">De nature curieuse, Anne est <\/span><b style=\"font-style: inherit; color: var(--ast-global-color-3);\">toujours pr\u00eate \u00e0 relever de nouveaux d\u00e9fis<\/b><span style=\"font-style: inherit; color: var(--ast-global-color-3);\">.&nbsp;<\/span><\/p>\n<p>Alors si vous avez des projets \u00e0 lui confier, son <b>expertise<\/b> et son <b>savoir-faire<\/b> sauront se mettre \u00e0 votre service.<\/p>\n<p>Ses ma\u00eetres mots : QUALIT\u00c9 &amp; PROXIMIT\u00c9 !<\/p>\t\t\t\t\t\t\t\t<\/div>\n\t\t\t\t<\/div>\n\t\t\t\t\t<\/div>\n\t\t<\/div>\n\t\t\t\t\t<\/div>\n\t\t<\/section>\n\t\t\t\t<section class=\"elementor-section elementor-top-section elementor-element elementor-element-570cc4e elementor-section-boxed elementor-section-height-default elementor-section-height-default wpr-particle-no wpr-jarallax-no wpr-parallax-no wpr-sticky-section-no\" data-id=\"570cc4e\" data-element_type=\"section\" data-e-type=\"section\">\n\t\t\t\t\t\t<div class=\"elementor-container elementor-column-gap-default\">\n\t\t\t\t\t<div class=\"elementor-column elementor-col-100 elementor-top-column elementor-element elementor-element-991b705\" data-id=\"991b705\" data-element_type=\"column\" data-e-type=\"column\">\n\t\t\t<div class=\"elementor-widget-wrap elementor-element-populated\">\n\t\t\t\t\t\t<div class=\"elementor-element elementor-element-50b8e09 elementor-widget elementor-widget-image\" data-id=\"50b8e09\" data-element_type=\"widget\" data-e-type=\"widget\" data-widget_type=\"image.default\">\n\t\t\t\t<div class=\"elementor-widget-container\">\n\t\t\t\t\t\t\t\t\t\t\t\t\t\t\t<img fetchpriority=\"high\" decoding=\"async\" width=\"3000\" height=\"2000\" src=\"https:\/\/melinedebost.fr\/wp-content\/uploads\/2025\/03\/Sans-titre-3000-x-1000-px-3000-x-1200-px-3000-x-1500-px-3000-x-2000-px-5.png\" class=\"attachment-full size-full wp-image-3496\" alt=\"\" srcset=\"https:\/\/melinedebost.fr\/wp-content\/uploads\/2025\/03\/Sans-titre-3000-x-1000-px-3000-x-1200-px-3000-x-1500-px-3000-x-2000-px-5.png 3000w, https:\/\/melinedebost.fr\/wp-content\/uploads\/2025\/03\/Sans-titre-3000-x-1000-px-3000-x-1200-px-3000-x-1500-px-3000-x-2000-px-5-300x200.png 300w, https:\/\/melinedebost.fr\/wp-content\/uploads\/2025\/03\/Sans-titre-3000-x-1000-px-3000-x-1200-px-3000-x-1500-px-3000-x-2000-px-5-1024x683.png 1024w, https:\/\/melinedebost.fr\/wp-content\/uploads\/2025\/03\/Sans-titre-3000-x-1000-px-3000-x-1200-px-3000-x-1500-px-3000-x-2000-px-5-768x512.png 768w, https:\/\/melinedebost.fr\/wp-content\/uploads\/2025\/03\/Sans-titre-3000-x-1000-px-3000-x-1200-px-3000-x-1500-px-3000-x-2000-px-5-1536x1024.png 1536w, https:\/\/melinedebost.fr\/wp-content\/uploads\/2025\/03\/Sans-titre-3000-x-1000-px-3000-x-1200-px-3000-x-1500-px-3000-x-2000-px-5-2048x1365.png 2048w\" sizes=\"(max-width: 3000px) 100vw, 3000px\" \/>\t\t\t\t\t\t\t\t\t\t\t\t\t\t\t<\/div>\n\t\t\t\t<\/div>\n\t\t\t\t\t<\/div>\n\t\t<\/div>\n\t\t\t\t\t<\/div>\n\t\t<\/section>\n\t\t\t\t<section class=\"elementor-section elementor-top-section elementor-element elementor-element-28efa52 elementor-section-boxed elementor-section-height-default elementor-section-height-default wpr-particle-no wpr-jarallax-no wpr-parallax-no wpr-sticky-section-no\" data-id=\"28efa52\" data-element_type=\"section\" data-e-type=\"section\">\n\t\t\t\t\t\t<div class=\"elementor-container elementor-column-gap-default\">\n\t\t\t\t\t<div class=\"elementor-column elementor-col-100 elementor-top-column elementor-element elementor-element-4db0cb7\" data-id=\"4db0cb7\" data-element_type=\"column\" data-e-type=\"column\">\n\t\t\t<div class=\"elementor-widget-wrap elementor-element-populated\">\n\t\t\t\t\t\t<div class=\"elementor-element elementor-element-66c3fcd elementor-widget elementor-widget-image\" data-id=\"66c3fcd\" data-element_type=\"widget\" data-e-type=\"widget\" data-widget_type=\"image.default\">\n\t\t\t\t<div class=\"elementor-widget-container\">\n\t\t\t\t\t\t\t\t\t\t\t\t\t\t\t<img decoding=\"async\" width=\"3000\" height=\"2000\" src=\"https:\/\/melinedebost.fr\/wp-content\/uploads\/2025\/03\/Sans-titre-3000-x-1000-px-3000-x-1200-px-3000-x-1500-px-3000-x-2000-px-3.png\" class=\"attachment-full size-full wp-image-3483\" alt=\"\" srcset=\"https:\/\/melinedebost.fr\/wp-content\/uploads\/2025\/03\/Sans-titre-3000-x-1000-px-3000-x-1200-px-3000-x-1500-px-3000-x-2000-px-3.png 3000w, https:\/\/melinedebost.fr\/wp-content\/uploads\/2025\/03\/Sans-titre-3000-x-1000-px-3000-x-1200-px-3000-x-1500-px-3000-x-2000-px-3-300x200.png 300w, https:\/\/melinedebost.fr\/wp-content\/uploads\/2025\/03\/Sans-titre-3000-x-1000-px-3000-x-1200-px-3000-x-1500-px-3000-x-2000-px-3-1024x683.png 1024w, https:\/\/melinedebost.fr\/wp-content\/uploads\/2025\/03\/Sans-titre-3000-x-1000-px-3000-x-1200-px-3000-x-1500-px-3000-x-2000-px-3-768x512.png 768w, https:\/\/melinedebost.fr\/wp-content\/uploads\/2025\/03\/Sans-titre-3000-x-1000-px-3000-x-1200-px-3000-x-1500-px-3000-x-2000-px-3-1536x1024.png 1536w, https:\/\/melinedebost.fr\/wp-content\/uploads\/2025\/03\/Sans-titre-3000-x-1000-px-3000-x-1200-px-3000-x-1500-px-3000-x-2000-px-3-2048x1365.png 2048w\" sizes=\"(max-width: 3000px) 100vw, 3000px\" \/>\t\t\t\t\t\t\t\t\t\t\t\t\t\t\t<\/div>\n\t\t\t\t<\/div>\n\t\t\t\t\t<\/div>\n\t\t<\/div>\n\t\t\t\t\t<\/div>\n\t\t<\/section>\n\t\t\t\t<section class=\"elementor-section elementor-top-section elementor-element elementor-element-84f6c63 elementor-section-boxed elementor-section-height-default elementor-section-height-default wpr-particle-no wpr-jarallax-no wpr-parallax-no wpr-sticky-section-no\" data-id=\"84f6c63\" data-element_type=\"section\" data-e-type=\"section\">\n\t\t\t\t\t\t<div class=\"elementor-container elementor-column-gap-default\">\n\t\t\t\t\t<div class=\"elementor-column elementor-col-100 elementor-top-column elementor-element elementor-element-871e09a\" data-id=\"871e09a\" data-element_type=\"column\" data-e-type=\"column\">\n\t\t\t<div class=\"elementor-widget-wrap elementor-element-populated\">\n\t\t\t\t\t\t<div class=\"elementor-element elementor-element-ea8737c elementor-widget elementor-widget-text-editor\" data-id=\"ea8737c\" data-element_type=\"widget\" data-e-type=\"widget\" data-widget_type=\"text-editor.default\">\n\t\t\t\t<div class=\"elementor-widget-container\">\n\t\t\t\t\t\t\t\t\t<p>\u00ab\u00a0<i>Ce qui embellit le d\u00e9sert, dit le Petit Prince, c&rsquo;est qu&rsquo;il cache un puits quelque part<\/i>\u00a0\u00bb (Antoine de Saint-Exup\u00e9ry)<\/p>\t\t\t\t\t\t\t\t<\/div>\n\t\t\t\t<\/div>\n\t\t\t\t\t<\/div>\n\t\t<\/div>\n\t\t\t\t\t<\/div>\n\t\t<\/section>\n\t\t\t\t<section class=\"elementor-section elementor-top-section elementor-element elementor-element-a957599 elementor-section-boxed elementor-section-height-default elementor-section-height-default wpr-particle-no wpr-jarallax-no wpr-parallax-no wpr-sticky-section-no\" data-id=\"a957599\" data-element_type=\"section\" data-e-type=\"section\">\n\t\t\t\t\t\t<div class=\"elementor-container elementor-column-gap-default\">\n\t\t\t\t\t<div class=\"elementor-column elementor-col-100 elementor-top-column elementor-element elementor-element-9447cf3\" data-id=\"9447cf3\" data-element_type=\"column\" data-e-type=\"column\">\n\t\t\t<div class=\"elementor-widget-wrap elementor-element-populated\">\n\t\t\t\t\t\t<div class=\"elementor-element elementor-element-fefe7b1 elementor-widget elementor-widget-image\" data-id=\"fefe7b1\" data-element_type=\"widget\" data-e-type=\"widget\" data-widget_type=\"image.default\">\n\t\t\t\t<div class=\"elementor-widget-container\">\n\t\t\t\t\t\t\t\t\t\t\t\t\t\t\t<img decoding=\"async\" width=\"4500\" height=\"3000\" src=\"https:\/\/melinedebost.fr\/wp-content\/uploads\/2025\/03\/Sans-titre-3000-x-1000-px-3000-x-1200-px-3000-x-1500-px-3000-x-2000-px-2.png\" class=\"attachment-full size-full wp-image-3462\" alt=\"\" srcset=\"https:\/\/melinedebost.fr\/wp-content\/uploads\/2025\/03\/Sans-titre-3000-x-1000-px-3000-x-1200-px-3000-x-1500-px-3000-x-2000-px-2.png 4500w, https:\/\/melinedebost.fr\/wp-content\/uploads\/2025\/03\/Sans-titre-3000-x-1000-px-3000-x-1200-px-3000-x-1500-px-3000-x-2000-px-2-300x200.png 300w, https:\/\/melinedebost.fr\/wp-content\/uploads\/2025\/03\/Sans-titre-3000-x-1000-px-3000-x-1200-px-3000-x-1500-px-3000-x-2000-px-2-1024x683.png 1024w, https:\/\/melinedebost.fr\/wp-content\/uploads\/2025\/03\/Sans-titre-3000-x-1000-px-3000-x-1200-px-3000-x-1500-px-3000-x-2000-px-2-768x512.png 768w, https:\/\/melinedebost.fr\/wp-content\/uploads\/2025\/03\/Sans-titre-3000-x-1000-px-3000-x-1200-px-3000-x-1500-px-3000-x-2000-px-2-1536x1024.png 1536w, https:\/\/melinedebost.fr\/wp-content\/uploads\/2025\/03\/Sans-titre-3000-x-1000-px-3000-x-1200-px-3000-x-1500-px-3000-x-2000-px-2-2048x1365.png 2048w\" sizes=\"(max-width: 4500px) 100vw, 4500px\" \/>\t\t\t\t\t\t\t\t\t\t\t\t\t\t\t<\/div>\n\t\t\t\t<\/div>\n\t\t\t\t\t<\/div>\n\t\t<\/div>\n\t\t\t\t\t<\/div>\n\t\t<\/section>\n\t\t\t\t<section class=\"elementor-section elementor-top-section elementor-element elementor-element-cae8be3 elementor-section-boxed elementor-section-height-default elementor-section-height-default wpr-particle-no wpr-jarallax-no wpr-parallax-no wpr-sticky-section-no\" data-id=\"cae8be3\" data-element_type=\"section\" data-e-type=\"section\">\n\t\t\t\t\t\t<div class=\"elementor-container elementor-column-gap-default\">\n\t\t\t\t\t\t<\/div>\n\t\t<\/section>\n\t\t\t\t<section class=\"elementor-section elementor-top-section elementor-element elementor-element-94eff21 elementor-section-boxed elementor-section-height-default elementor-section-height-default wpr-particle-no wpr-jarallax-no wpr-parallax-no wpr-sticky-section-no\" data-id=\"94eff21\" data-element_type=\"section\" data-e-type=\"section\">\n\t\t\t\t\t\t<div class=\"elementor-container elementor-column-gap-default\">\n\t\t\t\t\t<div class=\"elementor-column elementor-col-100 elementor-top-column elementor-element elementor-element-f7fc508\" data-id=\"f7fc508\" data-element_type=\"column\" data-e-type=\"column\">\n\t\t\t<div class=\"elementor-widget-wrap elementor-element-populated\">\n\t\t\t\t\t\t<div class=\"elementor-element elementor-element-3ab5e71 elementor-widget elementor-widget-image\" data-id=\"3ab5e71\" data-element_type=\"widget\" data-e-type=\"widget\" data-widget_type=\"image.default\">\n\t\t\t\t<div class=\"elementor-widget-container\">\n\t\t\t\t\t\t\t\t\t\t\t\t\t\t\t<img loading=\"lazy\" decoding=\"async\" width=\"4500\" height=\"3000\" src=\"https:\/\/melinedebost.fr\/wp-content\/uploads\/2025\/03\/Sans-titre-3000-x-1000-px-3000-x-1200-px-3000-x-1500-px-3000-x-2000-px-4.png\" class=\"attachment-full size-full wp-image-3485\" alt=\"\" srcset=\"https:\/\/melinedebost.fr\/wp-content\/uploads\/2025\/03\/Sans-titre-3000-x-1000-px-3000-x-1200-px-3000-x-1500-px-3000-x-2000-px-4.png 4500w, https:\/\/melinedebost.fr\/wp-content\/uploads\/2025\/03\/Sans-titre-3000-x-1000-px-3000-x-1200-px-3000-x-1500-px-3000-x-2000-px-4-300x200.png 300w, https:\/\/melinedebost.fr\/wp-content\/uploads\/2025\/03\/Sans-titre-3000-x-1000-px-3000-x-1200-px-3000-x-1500-px-3000-x-2000-px-4-1024x683.png 1024w, https:\/\/melinedebost.fr\/wp-content\/uploads\/2025\/03\/Sans-titre-3000-x-1000-px-3000-x-1200-px-3000-x-1500-px-3000-x-2000-px-4-768x512.png 768w, https:\/\/melinedebost.fr\/wp-content\/uploads\/2025\/03\/Sans-titre-3000-x-1000-px-3000-x-1200-px-3000-x-1500-px-3000-x-2000-px-4-1536x1024.png 1536w, https:\/\/melinedebost.fr\/wp-content\/uploads\/2025\/03\/Sans-titre-3000-x-1000-px-3000-x-1200-px-3000-x-1500-px-3000-x-2000-px-4-2048x1365.png 2048w\" sizes=\"(max-width: 4500px) 100vw, 4500px\" \/>\t\t\t\t\t\t\t\t\t\t\t\t\t\t\t<\/div>\n\t\t\t\t<\/div>\n\t\t\t\t\t<\/div>\n\t\t<\/div>\n\t\t\t\t\t<\/div>\n\t\t<\/section>\n\t\t\t\t<section class=\"elementor-section elementor-top-section elementor-element elementor-element-15a379a elementor-section-boxed elementor-section-height-default elementor-section-height-default wpr-particle-no wpr-jarallax-no wpr-parallax-no wpr-sticky-section-no\" data-id=\"15a379a\" data-element_type=\"section\" data-e-type=\"section\">\n\t\t\t\t\t\t<div class=\"elementor-container elementor-column-gap-default\">\n\t\t\t\t\t<div class=\"elementor-column elementor-col-100 elementor-top-column elementor-element elementor-element-bd5207b\" data-id=\"bd5207b\" data-element_type=\"column\" data-e-type=\"column\">\n\t\t\t<div class=\"elementor-widget-wrap elementor-element-populated\">\n\t\t\t\t\t\t<div class=\"elementor-element elementor-element-069efe1 elementor-widget elementor-widget-text-editor\" data-id=\"069efe1\" data-element_type=\"widget\" data-e-type=\"widget\" data-widget_type=\"text-editor.default\">\n\t\t\t\t<div class=\"elementor-widget-container\">\n\t\t\t\t\t\t\t\t\t<p>Retrouvez-la juste ici !<\/p>\t\t\t\t\t\t\t\t<\/div>\n\t\t\t\t<\/div>\n\t\t\t\t<div class=\"elementor-element elementor-element-c46b14d elementor-shape-rounded elementor-grid-0 e-grid-align-center elementor-widget elementor-widget-social-icons\" data-id=\"c46b14d\" data-element_type=\"widget\" data-e-type=\"widget\" data-widget_type=\"social-icons.default\">\n\t\t\t\t<div class=\"elementor-widget-container\">\n\t\t\t\t\t\t\t<div class=\"elementor-social-icons-wrapper elementor-grid\" role=\"list\">\n\t\t\t\t\t\t\t<span class=\"elementor-grid-item\" role=\"listitem\">\n\t\t\t\t\t<a class=\"elementor-icon elementor-social-icon elementor-social-icon-facebook elementor-repeater-item-478bef6\" href=\"https:\/\/www.facebook.com\/profile.php?id=100057254148122\" target=\"_blank\">\n\t\t\t\t\t\t<span class=\"elementor-screen-only\">Facebook<\/span>\n\t\t\t\t\t\t<i aria-hidden=\"true\" class=\"fab fa-facebook\"><\/i>\t\t\t\t\t<\/a>\n\t\t\t\t<\/span>\n\t\t\t\t\t\t\t<span class=\"elementor-grid-item\" role=\"listitem\">\n\t\t\t\t\t<a class=\"elementor-icon elementor-social-icon elementor-social-icon-instagram elementor-repeater-item-b3dc0ef\" href=\"https:\/\/www.instagram.com\/ap_sellerie\/\" target=\"_blank\">\n\t\t\t\t\t\t<span class=\"elementor-screen-only\">Instagram<\/span>\n\t\t\t\t\t\t<i aria-hidden=\"true\" class=\"fab fa-instagram\"><\/i>\t\t\t\t\t<\/a>\n\t\t\t\t<\/span>\n\t\t\t\t\t\t\t<span class=\"elementor-grid-item\" role=\"listitem\">\n\t\t\t\t\t<a class=\"elementor-icon elementor-social-icon elementor-social-icon-wordpress elementor-repeater-item-dc83d66\" href=\"http:\/\/www.aponthenier.com\" target=\"_blank\">\n\t\t\t\t\t\t<span class=\"elementor-screen-only\">WordPress<\/span>\n\t\t\t\t\t\t<i aria-hidden=\"true\" class=\"fab fa-wordpress\"><\/i>\t\t\t\t\t<\/a>\n\t\t\t\t<\/span>\n\t\t\t\t\t<\/div>\n\t\t\t\t\t\t<\/div>\n\t\t\t\t<\/div>\n\t\t\t\t\t<\/div>\n\t\t<\/div>\n\t\t\t\t\t<\/div>\n\t\t<\/section>\n\t\t\t\t<section class=\"elementor-section elementor-top-section elementor-element elementor-element-7970a16 elementor-section-boxed elementor-section-height-default elementor-section-height-default wpr-particle-no wpr-jarallax-no wpr-parallax-no wpr-sticky-section-no\" data-id=\"7970a16\" data-element_type=\"section\" data-e-type=\"section\">\n\t\t\t\t\t\t<div class=\"elementor-container elementor-column-gap-default\">\n\t\t\t\t\t<div class=\"elementor-column elementor-col-100 elementor-top-column elementor-element elementor-element-cbf2cea\" data-id=\"cbf2cea\" data-element_type=\"column\" data-e-type=\"column\">\n\t\t\t<div class=\"elementor-widget-wrap elementor-element-populated\">\n\t\t\t\t\t\t<div class=\"elementor-element elementor-element-19e3016 elementor-widget elementor-widget-spacer\" data-id=\"19e3016\" data-element_type=\"widget\" data-e-type=\"widget\" data-widget_type=\"spacer.default\">\n\t\t\t\t<div class=\"elementor-widget-container\">\n\t\t\t\t\t\t\t<div class=\"elementor-spacer\">\n\t\t\t<div class=\"elementor-spacer-inner\"><\/div>\n\t\t<\/div>\n\t\t\t\t\t\t<\/div>\n\t\t\t\t<\/div>\n\t\t\t\t\t<\/div>\n\t\t<\/div>\n\t\t\t\t\t<\/div>\n\t\t<\/section>\n\t\t\t\t<\/div>\n\t\t","protected":false},"excerpt":{"rendered":"<p>Anne (AP Sellerie) Du c\u00f4t\u00e9 de Gen\u00e8ve, Anne r\u00e9alise depuis maintenant 25 ans des travaux artisanaux de sellerie et garnissage dans diff\u00e9rents domaines (nautisme, a\u00e9ronautique, habitat&#8230;). Sa mission principale : donner une seconde vie \u00e0 vos fauteuils, vos selleries de bateau, d&rsquo;h\u00e9licopt\u00e8re, en vous apportant un maximum de confort.&nbsp;De nature curieuse, Anne est toujours pr\u00eate \u00e0 relever de nouveaux d\u00e9fis.&nbsp; Alors si vous avez des projets \u00e0 lui confier, son expertise et son savoir-faire sauront se mettre \u00e0 votre service. Ses ma\u00eetres mots : QUALIT\u00c9 &amp; PROXIMIT\u00c9 ! \u00ab\u00a0Ce qui embellit le d\u00e9sert, dit le Petit Prince, c&rsquo;est qu&rsquo;il cache un puits quelque part\u00a0\u00bb (Antoine de Saint-Exup\u00e9ry) Retrouvez-la juste ici ! Facebook Instagram Wordpress<\/p>\n","protected":false},"author":1,"featured_media":0,"parent":0,"menu_order":0,"comment_status":"closed","ping_status":"closed","template":"","meta":{"_eb_attr":"","site-sidebar-layout":"no-sidebar","site-content-layout":"page-builder","ast-site-content-layout":"full-width-container","site-content-style":"default","site-sidebar-style":"default","ast-global-header-display":"","ast-banner-title-visibility":"","ast-main-header-display":"","ast-hfb-above-header-display":"","ast-hfb-below-header-display":"","ast-hfb-mobile-header-display":"","site-post-title":"disabled","ast-breadcrumbs-content":"","ast-featured-img":"disabled","footer-sml-layout":"","ast-disable-related-posts":"","theme-transparent-header-meta":"","adv-header-id-meta":"","stick-header-meta":"","header-above-stick-meta":"","header-main-stick-meta":"","header-below-stick-meta":"","astra-migrate-meta-layouts":"set","ast-page-background-enabled":"default","ast-page-background-meta":{"desktop":{"background-color":"","background-image":"","background-repeat":"repeat","background-position":"center center","background-size":"auto","background-attachment":"scroll","background-type":"","background-media":"","overlay-type":"","overlay-color":"","overlay-opacity":"","overlay-gradient":""},"tablet":{"background-color":"","background-image":"","background-repeat":"repeat","background-position":"center center","background-size":"auto","background-attachment":"scroll","background-type":"","background-media":"","overlay-type":"","overlay-color":"","overlay-opacity":"","overlay-gradient":""},"mobile":{"background-color":"","background-image":"","background-repeat":"repeat","background-position":"center center","background-size":"auto","background-attachment":"scroll","background-type":"","background-media":"","overlay-type":"","overlay-color":"","overlay-opacity":"","overlay-gradient":""}},"ast-content-background-meta":{"desktop":{"background-color":"var(--ast-global-color-5)","background-image":"","background-repeat":"repeat","background-position":"center center","background-size":"auto","background-attachment":"scroll","background-type":"","background-media":"","overlay-type":"","overlay-color":"","overlay-opacity":"","overlay-gradient":""},"tablet":{"background-color":"var(--ast-global-color-5)","background-image":"","background-repeat":"repeat","background-position":"center center","background-size":"auto","background-attachment":"scroll","background-type":"","background-media":"","overlay-type":"","overlay-color":"","overlay-opacity":"","overlay-gradient":""},"mobile":{"background-color":"var(--ast-global-color-5)","background-image":"","background-repeat":"repeat","background-position":"center center","background-size":"auto","background-attachment":"scroll","background-type":"","background-media":"","overlay-type":"","overlay-color":"","overlay-opacity":"","overlay-gradient":""}},"footnotes":""},"class_list":["post-3459","page","type-page","status-publish","hentry"],"aioseo_notices":[],"_links":{"self":[{"href":"https:\/\/melinedebost.fr\/index.php?rest_route=\/wp\/v2\/pages\/3459","targetHints":{"allow":["GET"]}}],"collection":[{"href":"https:\/\/melinedebost.fr\/index.php?rest_route=\/wp\/v2\/pages"}],"about":[{"href":"https:\/\/melinedebost.fr\/index.php?rest_route=\/wp\/v2\/types\/page"}],"author":[{"embeddable":true,"href":"https:\/\/melinedebost.fr\/index.php?rest_route=\/wp\/v2\/users\/1"}],"replies":[{"embeddable":true,"href":"https:\/\/melinedebost.fr\/index.php?rest_route=%2Fwp%2Fv2%2Fcomments&post=3459"}],"version-history":[{"count":38,"href":"https:\/\/melinedebost.fr\/index.php?rest_route=\/wp\/v2\/pages\/3459\/revisions"}],"predecessor-version":[{"id":4544,"href":"https:\/\/melinedebost.fr\/index.php?rest_route=\/wp\/v2\/pages\/3459\/revisions\/4544"}],"wp:attachment":[{"href":"https:\/\/melinedebost.fr\/index.php?rest_route=%2Fwp%2Fv2%2Fmedia&parent=3459"}],"curies":[{"name":"wp","href":"https:\/\/api.w.org\/{rel}","templated":true}]}}