{"id":3088,"date":"2025-03-17T00:10:54","date_gmt":"2025-03-16T23:10:54","guid":{"rendered":"https:\/\/melinedebost.fr\/?page_id=3088"},"modified":"2026-03-18T16:15:58","modified_gmt":"2026-03-18T15:15:58","slug":"a-propos","status":"publish","type":"page","link":"https:\/\/melinedebost.fr\/?page_id=3088","title":{"rendered":"\u00c0 propos"},"content":{"rendered":"\t\t<div data-elementor-type=\"wp-page\" data-elementor-id=\"3088\" class=\"elementor elementor-3088\">\n\t\t\t\t\t\t<section class=\"elementor-section elementor-top-section elementor-element elementor-element-d3272d5 elementor-section-boxed elementor-section-height-default elementor-section-height-default wpr-particle-no wpr-jarallax-no wpr-parallax-no wpr-sticky-section-no\" data-id=\"d3272d5\" data-element_type=\"section\" data-e-type=\"section\">\n\t\t\t\t\t\t<div class=\"elementor-container elementor-column-gap-default\">\n\t\t\t\t\t<div class=\"elementor-column elementor-col-100 elementor-top-column elementor-element elementor-element-2868f4c\" data-id=\"2868f4c\" data-element_type=\"column\" data-e-type=\"column\">\n\t\t\t<div class=\"elementor-widget-wrap elementor-element-populated\">\n\t\t\t\t\t\t<div class=\"elementor-element elementor-element-6665ee9 elementor-widget elementor-widget-heading\" data-id=\"6665ee9\" data-element_type=\"widget\" data-e-type=\"widget\" data-widget_type=\"heading.default\">\n\t\t\t\t<div class=\"elementor-widget-container\">\n\t\t\t\t\t<h2 class=\"elementor-heading-title elementor-size-default\">Qui suis-je ?<\/h2>\t\t\t\t<\/div>\n\t\t\t\t<\/div>\n\t\t\t\t\t<\/div>\n\t\t<\/div>\n\t\t\t\t\t<\/div>\n\t\t<\/section>\n\t\t\t\t<section class=\"elementor-section elementor-top-section elementor-element elementor-element-6a6df2e elementor-section-boxed elementor-section-height-default elementor-section-height-default wpr-particle-no wpr-jarallax-no wpr-parallax-no wpr-sticky-section-no\" data-id=\"6a6df2e\" data-element_type=\"section\" data-e-type=\"section\">\n\t\t\t\t\t\t<div class=\"elementor-container elementor-column-gap-default\">\n\t\t\t\t\t<div class=\"elementor-column elementor-col-100 elementor-top-column elementor-element elementor-element-33c8b3b\" data-id=\"33c8b3b\" data-element_type=\"column\" data-e-type=\"column\">\n\t\t\t<div class=\"elementor-widget-wrap elementor-element-populated\">\n\t\t\t\t\t\t<div class=\"elementor-element elementor-element-edf6a50 elementor-widget elementor-widget-spacer\" data-id=\"edf6a50\" data-element_type=\"widget\" data-e-type=\"widget\" data-widget_type=\"spacer.default\">\n\t\t\t\t<div class=\"elementor-widget-container\">\n\t\t\t\t\t\t\t<div class=\"elementor-spacer\">\n\t\t\t<div class=\"elementor-spacer-inner\"><\/div>\n\t\t<\/div>\n\t\t\t\t\t\t<\/div>\n\t\t\t\t<\/div>\n\t\t\t\t\t<\/div>\n\t\t<\/div>\n\t\t\t\t\t<\/div>\n\t\t<\/section>\n\t\t\t\t<section class=\"elementor-section elementor-top-section elementor-element elementor-element-fd35a1c elementor-section-boxed elementor-section-height-default elementor-section-height-default wpr-particle-no wpr-jarallax-no wpr-parallax-no wpr-sticky-section-no\" data-id=\"fd35a1c\" data-element_type=\"section\" data-e-type=\"section\">\n\t\t\t\t\t\t<div class=\"elementor-container elementor-column-gap-default\">\n\t\t\t\t\t<div class=\"elementor-column elementor-col-100 elementor-top-column elementor-element elementor-element-6f872f1\" data-id=\"6f872f1\" data-element_type=\"column\" data-e-type=\"column\">\n\t\t\t<div class=\"elementor-widget-wrap elementor-element-populated\">\n\t\t\t\t\t\t<div class=\"elementor-element elementor-element-f2ba86a elementor-widget elementor-widget-heading\" data-id=\"f2ba86a\" data-element_type=\"widget\" data-e-type=\"widget\" data-widget_type=\"heading.default\">\n\t\t\t\t<div class=\"elementor-widget-container\">\n\t\t\t\t\t<h2 class=\"elementor-heading-title elementor-size-default\">M\u00e9line<\/h2>\t\t\t\t<\/div>\n\t\t\t\t<\/div>\n\t\t\t\t<div class=\"elementor-element elementor-element-c0f872f elementor-widget elementor-widget-text-editor\" data-id=\"c0f872f\" data-element_type=\"widget\" data-e-type=\"widget\" data-widget_type=\"text-editor.default\">\n\t\t\t\t<div class=\"elementor-widget-container\">\n\t\t\t\t\t\t\t\t\t<p><b style=\"font-style: inherit;\">Sensible<\/b><span style=\"font-style: inherit;\">, <\/span><b style=\"font-style: inherit;\">passionn\u00e9e<\/b><span style=\"font-style: inherit;\">, <\/span><b style=\"font-style: inherit;\">\u00e9motive<\/b><span style=\"font-style: inherit;\">.\u00a0<\/span><\/p><p><span style=\"font-style: inherit;\">J&rsquo;aime capturer l&rsquo;instant pour le figer \u00e0 jamais ! Un regard, une larme, un rire, une \u00e9preuve, un savoir-faire, qu&rsquo;importe !<\/span><\/p><p><span style=\"font-style: inherit;\">J&rsquo;aime l&rsquo;humain, dans sa beaut\u00e9 comme dans ce que vous pourriez qualifier d&rsquo;imperfections, avec ses forces autant qu&rsquo;avec ses faiblesses.<\/span><\/p>\t\t\t\t\t\t\t\t<\/div>\n\t\t\t\t<\/div>\n\t\t\t\t<div class=\"elementor-element elementor-element-d676097 elementor-widget elementor-widget-text-editor\" data-id=\"d676097\" data-element_type=\"widget\" data-e-type=\"widget\" data-widget_type=\"text-editor.default\">\n\t\t\t\t<div class=\"elementor-widget-container\">\n\t\t\t\t\t\t\t\t\t<p>Auparavant, j&rsquo;\u00e9tais proth\u00e9siste. Je travaillais avec des personnes amput\u00e9es et faisais tout mon possible pour leur redonner un maximum d&rsquo;autonomie en r\u00e9alisant des proth\u00e8ses adapt\u00e9es \u00e0 leurs besoins.<\/p>\n<p>\u00c0 leur contact, j&rsquo;ai appris ce qu&rsquo;\u00e9taient r\u00e9ellement la pers\u00e9v\u00e9rance, le d\u00e9passement de soi, la rage d&rsquo;avancer ! J&rsquo;ai \u00e9galement eu droit \u00e0 des le\u00e7ons d&rsquo;humilit\u00e9, de courage, d&rsquo;acceptation de son corps et de d\u00e9voilement de soi.<\/p>\t\t\t\t\t\t\t\t<\/div>\n\t\t\t\t<\/div>\n\t\t\t\t\t<\/div>\n\t\t<\/div>\n\t\t\t\t\t<\/div>\n\t\t<\/section>\n\t\t\t\t<section class=\"elementor-section elementor-top-section elementor-element elementor-element-ed16981 elementor-section-boxed elementor-section-height-default elementor-section-height-default wpr-particle-no wpr-jarallax-no wpr-parallax-no wpr-sticky-section-no\" data-id=\"ed16981\" data-element_type=\"section\" data-e-type=\"section\">\n\t\t\t\t\t\t<div class=\"elementor-container elementor-column-gap-default\">\n\t\t\t\t\t<div class=\"elementor-column elementor-col-100 elementor-top-column elementor-element elementor-element-2ff5d42\" data-id=\"2ff5d42\" data-element_type=\"column\" data-e-type=\"column\">\n\t\t\t<div class=\"elementor-widget-wrap elementor-element-populated\">\n\t\t\t\t\t\t<div class=\"elementor-element elementor-element-ec07802 elementor-widget elementor-widget-image\" data-id=\"ec07802\" data-element_type=\"widget\" data-e-type=\"widget\" data-widget_type=\"image.default\">\n\t\t\t\t<div class=\"elementor-widget-container\">\n\t\t\t\t\t\t\t\t\t\t\t\t\t\t\t<img fetchpriority=\"high\" decoding=\"async\" width=\"2560\" height=\"1708\" src=\"https:\/\/melinedebost.fr\/wp-content\/uploads\/2025\/03\/A7400812-scaled.jpg\" class=\"attachment-full size-full wp-image-3112\" alt=\"\" srcset=\"https:\/\/melinedebost.fr\/wp-content\/uploads\/2025\/03\/A7400812-scaled.jpg 2560w, https:\/\/melinedebost.fr\/wp-content\/uploads\/2025\/03\/A7400812-300x200.jpg 300w, https:\/\/melinedebost.fr\/wp-content\/uploads\/2025\/03\/A7400812-1024x683.jpg 1024w, https:\/\/melinedebost.fr\/wp-content\/uploads\/2025\/03\/A7400812-768x512.jpg 768w, https:\/\/melinedebost.fr\/wp-content\/uploads\/2025\/03\/A7400812-1536x1025.jpg 1536w, https:\/\/melinedebost.fr\/wp-content\/uploads\/2025\/03\/A7400812-2048x1366.jpg 2048w\" sizes=\"(max-width: 2560px) 100vw, 2560px\" \/>\t\t\t\t\t\t\t\t\t\t\t\t\t\t\t<\/div>\n\t\t\t\t<\/div>\n\t\t\t\t<div class=\"elementor-element elementor-element-53a3462 elementor-widget elementor-widget-spacer\" data-id=\"53a3462\" data-element_type=\"widget\" data-e-type=\"widget\" data-widget_type=\"spacer.default\">\n\t\t\t\t<div class=\"elementor-widget-container\">\n\t\t\t\t\t\t\t<div class=\"elementor-spacer\">\n\t\t\t<div class=\"elementor-spacer-inner\"><\/div>\n\t\t<\/div>\n\t\t\t\t\t\t<\/div>\n\t\t\t\t<\/div>\n\t\t\t\t<div class=\"elementor-element elementor-element-dd868f1 elementor-widget elementor-widget-text-editor\" data-id=\"dd868f1\" data-element_type=\"widget\" data-e-type=\"widget\" data-widget_type=\"text-editor.default\">\n\t\t\t\t<div class=\"elementor-widget-container\">\n\t\t\t\t\t\t\t\t\t<p>L&rsquo;une des grandes raisons qui m&rsquo;ont pouss\u00e9e \u00e0 changer de vie et faire de ma passion mon m\u00e9tier, c&rsquo;est de pouvoir t\u00e9moigner de votre beaut\u00e9 et vous aider \u00e0<b> accepter qui vous \u00eates<\/b>, mais \u00e9galement retranscrire vos \u00e9preuves, vos victoires, qu&rsquo;elles soient <b>personnelles<\/b> ou <b>professionnelles<\/b> !<\/p>\t\t\t\t\t\t\t\t<\/div>\n\t\t\t\t<\/div>\n\t\t\t\t\t<\/div>\n\t\t<\/div>\n\t\t\t\t\t<\/div>\n\t\t<\/section>\n\t\t\t\t<section class=\"elementor-section elementor-top-section elementor-element elementor-element-865bce9 elementor-section-boxed elementor-section-height-default elementor-section-height-default wpr-particle-no wpr-jarallax-no wpr-parallax-no wpr-sticky-section-no\" data-id=\"865bce9\" data-element_type=\"section\" data-e-type=\"section\">\n\t\t\t\t\t\t<div class=\"elementor-container elementor-column-gap-default\">\n\t\t\t\t\t<div class=\"elementor-column elementor-col-100 elementor-top-column elementor-element elementor-element-7866c20\" data-id=\"7866c20\" data-element_type=\"column\" data-e-type=\"column\">\n\t\t\t<div class=\"elementor-widget-wrap elementor-element-populated\">\n\t\t\t\t\t\t<div class=\"elementor-element elementor-element-c8e0d27 elementor-widget elementor-widget-text-editor\" data-id=\"c8e0d27\" data-element_type=\"widget\" data-e-type=\"widget\" data-widget_type=\"text-editor.default\">\n\t\t\t\t<div class=\"elementor-widget-container\">\n\t\t\t\t\t\t\t\t\t<p>Mes ma\u00eetres mots dans mon m\u00e9tier : RESPECT, BIENVEILLANCE, \u00c9COUTE,&nbsp;<span style=\"color: var(--ast-global-color-3);\">AUTHENTICIT\u00c9<\/span><\/p>\t\t\t\t\t\t\t\t<\/div>\n\t\t\t\t<\/div>\n\t\t\t\t\t<\/div>\n\t\t<\/div>\n\t\t\t\t\t<\/div>\n\t\t<\/section>\n\t\t\t\t<section class=\"elementor-section elementor-top-section elementor-element elementor-element-c3356ef elementor-section-boxed elementor-section-height-default elementor-section-height-default wpr-particle-no wpr-jarallax-no wpr-parallax-no wpr-sticky-section-no\" data-id=\"c3356ef\" data-element_type=\"section\" data-e-type=\"section\">\n\t\t\t\t\t\t<div class=\"elementor-container elementor-column-gap-default\">\n\t\t\t\t\t<div class=\"elementor-column elementor-col-100 elementor-top-column elementor-element elementor-element-a2e8176\" data-id=\"a2e8176\" data-element_type=\"column\" data-e-type=\"column\">\n\t\t\t<div class=\"elementor-widget-wrap elementor-element-populated\">\n\t\t\t\t\t\t<div class=\"elementor-element elementor-element-b599bcd elementor-widget elementor-widget-text-editor\" data-id=\"b599bcd\" data-element_type=\"widget\" data-e-type=\"widget\" data-widget_type=\"text-editor.default\">\n\t\t\t\t<div class=\"elementor-widget-container\">\n\t\t\t\t\t\t\t\t\t<p>Chaque relation que je cr\u00e9e avec mes clients est toujours bas\u00e9e sur le <b>respect <\/b>et la<b> bienveillance<\/b>. Au cours des s\u00e9ances photos mais \u00e9galement de tous nos \u00e9changes, vous pouvez vous sentir libres de parler, de m&rsquo;exprimer vos craintes (il n&rsquo;est pas toujours facile de passer derri\u00e8re l&rsquo;objectif, m\u00eame pour moi) et de poser toutes les questions qui vous viennent !<\/p><p>Une <b>\u00e9coute attentive<\/b> me permet de cerner qui vous \u00eates vraiment.<\/p><p>C&rsquo;est gr\u00e2ce \u00e0 cette \u00e9coute que je vous aiderai \u00e0 raconter votre histoire, de la mani\u00e8re la plus <b>authentique<\/b> qui soit !<\/p>\t\t\t\t\t\t\t\t<\/div>\n\t\t\t\t<\/div>\n\t\t\t\t\t<\/div>\n\t\t<\/div>\n\t\t\t\t\t<\/div>\n\t\t<\/section>\n\t\t\t\t<section class=\"elementor-section elementor-top-section elementor-element elementor-element-a1074e8 elementor-section-boxed elementor-section-height-default elementor-section-height-default wpr-particle-no wpr-jarallax-no wpr-parallax-no wpr-sticky-section-no\" data-id=\"a1074e8\" data-element_type=\"section\" data-e-type=\"section\">\n\t\t\t\t\t\t<div class=\"elementor-container elementor-column-gap-default\">\n\t\t\t\t\t<div class=\"elementor-column elementor-col-100 elementor-top-column elementor-element elementor-element-51236c3\" data-id=\"51236c3\" data-element_type=\"column\" data-e-type=\"column\">\n\t\t\t<div class=\"elementor-widget-wrap elementor-element-populated\">\n\t\t\t\t\t\t<div class=\"elementor-element elementor-element-47db9b7 elementor-widget elementor-widget-spacer\" data-id=\"47db9b7\" data-element_type=\"widget\" data-e-type=\"widget\" data-widget_type=\"spacer.default\">\n\t\t\t\t<div class=\"elementor-widget-container\">\n\t\t\t\t\t\t\t<div class=\"elementor-spacer\">\n\t\t\t<div class=\"elementor-spacer-inner\"><\/div>\n\t\t<\/div>\n\t\t\t\t\t\t<\/div>\n\t\t\t\t<\/div>\n\t\t\t\t<div class=\"elementor-element elementor-element-27a1845 elementor-widget elementor-widget-text-editor\" data-id=\"27a1845\" data-element_type=\"widget\" data-e-type=\"widget\" data-widget_type=\"text-editor.default\">\n\t\t\t\t<div class=\"elementor-widget-container\">\n\t\t\t\t\t\t\t\t\t<p>Si cette approche vous parle, que vous souhaitez avoir plus d&rsquo;informations ou que vous avez envie de travailler avec moi :<\/p>\t\t\t\t\t\t\t\t<\/div>\n\t\t\t\t<\/div>\n\t\t\t\t\t<\/div>\n\t\t<\/div>\n\t\t\t\t\t<\/div>\n\t\t<\/section>\n\t\t\t\t<section class=\"elementor-section elementor-top-section elementor-element elementor-element-11bc3c1 elementor-section-boxed elementor-section-height-default elementor-section-height-default wpr-particle-no wpr-jarallax-no wpr-parallax-no wpr-sticky-section-no\" data-id=\"11bc3c1\" data-element_type=\"section\" data-e-type=\"section\">\n\t\t\t\t\t\t<div class=\"elementor-container elementor-column-gap-default\">\n\t\t\t\t\t<div class=\"elementor-column elementor-col-100 elementor-top-column elementor-element elementor-element-d42099b\" data-id=\"d42099b\" data-element_type=\"column\" data-e-type=\"column\">\n\t\t\t<div class=\"elementor-widget-wrap elementor-element-populated\">\n\t\t\t\t\t\t<div class=\"elementor-element elementor-element-66e5219 elementor-align-center elementor-widget elementor-widget-button\" data-id=\"66e5219\" data-element_type=\"widget\" data-e-type=\"widget\" data-widget_type=\"button.default\">\n\t\t\t\t<div class=\"elementor-widget-container\">\n\t\t\t\t\t\t\t\t\t<div class=\"elementor-button-wrapper\">\n\t\t\t\t\t<a class=\"elementor-button elementor-button-link elementor-size-sm\" href=\"https:\/\/melinedebost.fr\/?page_id=543\">\n\t\t\t\t\t\t<span class=\"elementor-button-content-wrapper\">\n\t\t\t\t\t\t\t\t\t<span class=\"elementor-button-text\">Cliquez ici<\/span>\n\t\t\t\t\t<\/span>\n\t\t\t\t\t<\/a>\n\t\t\t\t<\/div>\n\t\t\t\t\t\t\t\t<\/div>\n\t\t\t\t<\/div>\n\t\t\t\t\t<\/div>\n\t\t<\/div>\n\t\t\t\t\t<\/div>\n\t\t<\/section>\n\t\t\t\t<section class=\"elementor-section elementor-top-section elementor-element elementor-element-77289bf elementor-section-boxed elementor-section-height-default elementor-section-height-default wpr-particle-no wpr-jarallax-no wpr-parallax-no wpr-sticky-section-no\" data-id=\"77289bf\" data-element_type=\"section\" data-e-type=\"section\">\n\t\t\t\t\t\t<div class=\"elementor-container elementor-column-gap-default\">\n\t\t\t\t\t<div class=\"elementor-column elementor-col-100 elementor-top-column elementor-element elementor-element-e388ad5\" data-id=\"e388ad5\" data-element_type=\"column\" data-e-type=\"column\">\n\t\t\t<div class=\"elementor-widget-wrap elementor-element-populated\">\n\t\t\t\t\t\t<div class=\"elementor-element elementor-element-bac1b63 elementor-widget elementor-widget-spacer\" data-id=\"bac1b63\" data-element_type=\"widget\" data-e-type=\"widget\" data-widget_type=\"spacer.default\">\n\t\t\t\t<div class=\"elementor-widget-container\">\n\t\t\t\t\t\t\t<div class=\"elementor-spacer\">\n\t\t\t<div class=\"elementor-spacer-inner\"><\/div>\n\t\t<\/div>\n\t\t\t\t\t\t<\/div>\n\t\t\t\t<\/div>\n\t\t\t\t\t<\/div>\n\t\t<\/div>\n\t\t\t\t\t<\/div>\n\t\t<\/section>\n\t\t\t\t<\/div>\n\t\t","protected":false},"excerpt":{"rendered":"<p>Qui suis-je ? M\u00e9line Sensible, passionn\u00e9e, \u00e9motive.\u00a0 J&rsquo;aime capturer l&rsquo;instant pour le figer \u00e0 jamais ! Un regard, une larme, un rire, une \u00e9preuve, un savoir-faire, qu&rsquo;importe ! J&rsquo;aime l&rsquo;humain, dans sa beaut\u00e9 comme dans ce que vous pourriez qualifier d&rsquo;imperfections, avec ses forces autant qu&rsquo;avec ses faiblesses. Auparavant, j&rsquo;\u00e9tais proth\u00e9siste. Je travaillais avec des personnes amput\u00e9es et faisais tout mon possible pour leur redonner un maximum d&rsquo;autonomie en r\u00e9alisant des proth\u00e8ses adapt\u00e9es \u00e0 leurs besoins. \u00c0 leur contact, j&rsquo;ai appris ce qu&rsquo;\u00e9taient r\u00e9ellement la pers\u00e9v\u00e9rance, le d\u00e9passement de soi, la rage d&rsquo;avancer ! J&rsquo;ai \u00e9galement eu droit \u00e0 des le\u00e7ons d&rsquo;humilit\u00e9, de courage, d&rsquo;acceptation de son corps et de d\u00e9voilement de soi. L&rsquo;une des grandes raisons qui m&rsquo;ont pouss\u00e9e \u00e0 changer de vie et faire de ma passion mon m\u00e9tier, c&rsquo;est de pouvoir t\u00e9moigner de votre beaut\u00e9 et vous aider \u00e0 accepter qui vous \u00eates, mais \u00e9galement retranscrire vos \u00e9preuves, vos victoires, qu&rsquo;elles soient personnelles ou professionnelles ! Mes ma\u00eetres mots dans mon m\u00e9tier : RESPECT, BIENVEILLANCE, \u00c9COUTE,&nbsp;AUTHENTICIT\u00c9 Chaque relation que je cr\u00e9e avec mes clients est toujours bas\u00e9e sur le respect et la bienveillance. Au cours des s\u00e9ances photos mais \u00e9galement de tous nos \u00e9changes, vous pouvez vous sentir libres de parler, de m&rsquo;exprimer vos craintes (il n&rsquo;est pas toujours facile de passer derri\u00e8re l&rsquo;objectif, m\u00eame pour moi) et de poser toutes les questions qui vous viennent ! Une \u00e9coute attentive me permet de cerner qui vous \u00eates vraiment. C&rsquo;est gr\u00e2ce \u00e0 cette \u00e9coute que je vous aiderai \u00e0 raconter votre histoire, de la mani\u00e8re la plus authentique qui soit ! Si cette approche vous parle, que vous souhaitez avoir plus d&rsquo;informations ou que vous avez envie de travailler avec moi : Cliquez ici<\/p>\n","protected":false},"author":1,"featured_media":0,"parent":0,"menu_order":0,"comment_status":"closed","ping_status":"closed","template":"","meta":{"_eb_attr":"","site-sidebar-layout":"no-sidebar","site-content-layout":"page-builder","ast-site-content-layout":"full-width-container","site-content-style":"default","site-sidebar-style":"default","ast-global-header-display":"","ast-banner-title-visibility":"","ast-main-header-display":"","ast-hfb-above-header-display":"","ast-hfb-below-header-display":"","ast-hfb-mobile-header-display":"","site-post-title":"disabled","ast-breadcrumbs-content":"","ast-featured-img":"disabled","footer-sml-layout":"","ast-disable-related-posts":"","theme-transparent-header-meta":"","adv-header-id-meta":"","stick-header-meta":"","header-above-stick-meta":"","header-main-stick-meta":"","header-below-stick-meta":"","astra-migrate-meta-layouts":"default","ast-page-background-enabled":"default","ast-page-background-meta":{"desktop":{"background-color":"","background-image":"","background-repeat":"repeat","background-position":"center center","background-size":"auto","background-attachment":"scroll","background-type":"","background-media":"","overlay-type":"","overlay-color":"","overlay-opacity":"","overlay-gradient":""},"tablet":{"background-color":"","background-image":"","background-repeat":"repeat","background-position":"center center","background-size":"auto","background-attachment":"scroll","background-type":"","background-media":"","overlay-type":"","overlay-color":"","overlay-opacity":"","overlay-gradient":""},"mobile":{"background-color":"","background-image":"","background-repeat":"repeat","background-position":"center center","background-size":"auto","background-attachment":"scroll","background-type":"","background-media":"","overlay-type":"","overlay-color":"","overlay-opacity":"","overlay-gradient":""}},"ast-content-background-meta":{"desktop":{"background-color":"var(--ast-global-color-5)","background-image":"","background-repeat":"repeat","background-position":"center center","background-size":"auto","background-attachment":"scroll","background-type":"","background-media":"","overlay-type":"","overlay-color":"","overlay-opacity":"","overlay-gradient":""},"tablet":{"background-color":"var(--ast-global-color-5)","background-image":"","background-repeat":"repeat","background-position":"center center","background-size":"auto","background-attachment":"scroll","background-type":"","background-media":"","overlay-type":"","overlay-color":"","overlay-opacity":"","overlay-gradient":""},"mobile":{"background-color":"var(--ast-global-color-5)","background-image":"","background-repeat":"repeat","background-position":"center center","background-size":"auto","background-attachment":"scroll","background-type":"","background-media":"","overlay-type":"","overlay-color":"","overlay-opacity":"","overlay-gradient":""}},"footnotes":""},"class_list":["post-3088","page","type-page","status-publish","hentry"],"aioseo_notices":[],"_links":{"self":[{"href":"https:\/\/melinedebost.fr\/index.php?rest_route=\/wp\/v2\/pages\/3088","targetHints":{"allow":["GET"]}}],"collection":[{"href":"https:\/\/melinedebost.fr\/index.php?rest_route=\/wp\/v2\/pages"}],"about":[{"href":"https:\/\/melinedebost.fr\/index.php?rest_route=\/wp\/v2\/types\/page"}],"author":[{"embeddable":true,"href":"https:\/\/melinedebost.fr\/index.php?rest_route=\/wp\/v2\/users\/1"}],"replies":[{"embeddable":true,"href":"https:\/\/melinedebost.fr\/index.php?rest_route=%2Fwp%2Fv2%2Fcomments&post=3088"}],"version-history":[{"count":46,"href":"https:\/\/melinedebost.fr\/index.php?rest_route=\/wp\/v2\/pages\/3088\/revisions"}],"predecessor-version":[{"id":4708,"href":"https:\/\/melinedebost.fr\/index.php?rest_route=\/wp\/v2\/pages\/3088\/revisions\/4708"}],"wp:attachment":[{"href":"https:\/\/melinedebost.fr\/index.php?rest_route=%2Fwp%2Fv2%2Fmedia&parent=3088"}],"curies":[{"name":"wp","href":"https:\/\/api.w.org\/{rel}","templated":true}]}}